{"id":3,"date":"2025-06-19T11:47:38","date_gmt":"2025-06-19T11:47:38","guid":{"rendered":"https:\/\/del-cambio.soononline.dev\/?page_id=3"},"modified":"2025-12-16T15:11:13","modified_gmt":"2025-12-16T14:11:13","slug":"privacy-policy","status":"publish","type":"page","link":"https:\/\/del-cambio.soononline.dev\/en\/privacy-policy\/","title":{"rendered":"Privacy Policy"},"content":{"rendered":"\n<h1 class=\"wp-block-heading\">Privacy Policy del sito Web&nbsp;<a href=\"https:\/\/delcambio.it\/\" rel=\"noreferrer noopener\" target=\"_blank\">https:\/\/delcambio.it<\/a><\/h1>\n\n\n\n<p><strong>(di seguito semplicemente \u201cSito\u201d)<\/strong><\/p>\n\n\n\n<p>La presente informativa contiene informazioni sulla tutela dei tuoi dati personali da noi trattati con riferimento alla registrazione, l\u2019utilizzo e la gestione di un profilo sul nostro e-commerce attraverso l\u2019area riservata e all\u2019acquisto dei nostri prodotti, ai sensi dell\u2019art. 13 del Regolamento (UE) 2016\/679 (di seguito \u201cR.E. 2016\/679 \u201d).<br>Quanto segue si applica unicamente ai siti Web, ai profili social e ai servizi, i cui domini o propriet\u00e0 sono registrati o riconducibili all\u2019editore RISORGIMENTO s.r.l., in particolare al dominio delcambio.it e a tutti i domini di terzo livello ad esso collegati.<\/p>\n\n\n\n<p>Il trattamento dei dati personali sar\u00e0 improntato ai principi di correttezza, liceit\u00e0 e trasparenza, tutelando la riservatezza e i diritti dell\u2019interessato.<\/p>\n\n\n\n<h3 class=\"wp-block-heading\">Titolare del trattamento<\/h3>\n\n\n\n<p>Il titolare del trattamento \u00e8:<br>RISORGIMENTO s.r.l.<br>Sede Legale: Piazza Carignano n. 2 \u2013 10123 Torino (TO)<br>P.IVA 10603300012<br>PEC:&nbsp;<a href=\"mailto:risorgimentosrl@legalmail.it\">risorgimentosrl@legalmail.it<\/a><br>Telefono:&nbsp;<a href=\"tel:011546690\">011.546690<\/a><br>E-mail:&nbsp;<a href=\"mailto:privacy@delcambio.it\">privacy@delcambio.it<\/a><\/p>\n\n\n\n<p>Il Titolare pu\u00f2 essere contattato al seguente indirizzo e-mail:&nbsp;<a href=\"mailto:privacy@delcambio.it\">privacy@delcambio.it<\/a><\/p>\n\n\n\n<h3 class=\"wp-block-heading\">Dati personali trattati<\/h3>\n\n\n\n<p>Trattiamo i tuoi dati personali per offrirti la migliore esperienza possibile quando accedi al nostro sito web, utilizzi i nostri servizi e interagisci con noi. Ci\u00f2 include i seguenti scopi:<\/p>\n\n\n\n<ol class=\"wp-block-list\">\n<li>Consentire la consultazione del nostro sito web.Quando visiti il nostro sito web, raccogliamo automaticamente alcune informazioni, tra cui il tuo indirizzo IP, i dati di accesso, il tipo e la versione del browser, i plug-in del browser, il sistema operativo e la piattaforma.Durante la tua navigazione sul nostro sito, potremmo raccogliere anche altri dati come il Clickstream URL, gli articoli visualizzati o cercati, gli eventuali errori di visualizzazione e download, i tempi e la durata delle visite a determinate pagine e l&#8217;interazione con la pagina stessa. Per raccogliere questi dati, utilizziamo varie tecnologie, tra cui i cookie. Maggiori informazioni sui cookie sono disponibili in una specifica informativa disponibile nel footer del sito web. Se hai bisogno di ulteriori informazioni riguardo al trattamento dei tuoi dati personali, ti invitiamo a contattarci attraverso le informazioni che ti abbiamo fornito in precedenza.\n<ul class=\"wp-block-list\">\n<li><strong>Modalit\u00e0 di acquisizione:<\/strong>&nbsp;I dati sono automaticamente conferiti dai tuoi dispositivi di navigazione mediante i protocolli di comunicazione della rete Internet (es. TCP\/IP, UDP)<\/li>\n\n\n\n<li><strong>Base di liceit\u00e0:<\/strong>&nbsp;Trattiamo questi dati in virt\u00f9 del nostro Legittimo Interesse &#8211; art. 6.1 lett. f) del R.E. 2016\/679 &#8211; di fornire e migliorare la navigazione sul nostro Sito, proporre servizi web efficienti e sicuri cercando di garantirne nel tempo il miglioramento continuo della tua esperienza di navigazione.<\/li>\n\n\n\n<li><strong>Per quanto tempo conserviamo i tuoi dati:<\/strong>&nbsp;Conserviamo i tuoi dati personali solo per il tempo necessario a consentire la tua navigazione sul Sito. In particolare, alcuni dati sono conservati la durata della tua permanenza sul Sito stesso e altri fino a quando non decidi di cancellarli eliminando i cookie tecnici e funzionali (es. impostazione della lingua). Per maggiori informazioni in merito alla gestione dei Cookie, vedi la nostra Cookie Policy nel Footer del sito.<\/li>\n<\/ul>\n<\/li>\n\n\n\n<li>Gestire le comunicazioni.Raccogliamo i tuoi dati personali quando comunichi con noi di persona, attraverso il nostro sito web, e-mail, per telefono o tramite qualsiasi altro mezzo utilizzando le informazioni di contatto che ti abbiamo rilasciato mediante questo Sito. Ad esempio, raccogliamo i tuoi dati di contatto e i dettagli dei nostri messaggi a te e da te inviati compresi i dati relativi a quando li hai inviati, quando li abbiamo ricevuti e in alcuni casi anche da dove li hai inviati.\n<ul class=\"wp-block-list\">\n<li><strong>Modalit\u00e0 di acquisizione:<\/strong>&nbsp;I dati sono in parte automaticamente conferiti nel protocollo di comunicazione utilizzato dallo strumento da te scelto e in parte sono da te conferiti nel contenuto della comunicazione.<\/li>\n\n\n\n<li><strong>Base di liceit\u00e0:<\/strong>&nbsp;Principalmente trattiamo questi dati in virt\u00f9 del nostro Legittimo Interesse &#8211; art. 6.1 lett. f) del R.E. 2016\/679 &#8211; di rispondere alle tue richieste e gestire le necessarie comunicazioni. Tuttavia, in alcuni casi potremmo essere chiamati a rispondere in virt\u00f9 di specifici obblighi contrattuali o di legge &#8211; artt. 6.1 lett. b) e lett. c) del R.E. 2016\/679 .<\/li>\n\n\n\n<li><strong>Per quanto tempo conserviamo i tuoi dati:<\/strong>&nbsp;Dando seguito alle richieste di contatto o di supporto che decidi di inviarci, i tuoi dati personali sono trattati unicamente per il tempo necessario a fornirti le informazioni e\/o l\u2019assistenza di cui hai bisogno.<\/li>\n<\/ul>\n<\/li>\n\n\n\n<li>Gestire i form di raccolta dati.Descrizione del trattamento: In quanto utente puoi fornirci i tuoi dati personali, compresi quelli che permettono la tua identificazione quando compili specifici moduli (c.d.\u201d Form\u201d). Tali moduli sono progettati al fine di agevolare le tue richiedeste e garantirti risposte rapide e precise e se necessario sono integrati da apposita informativa privacy.\n<ul class=\"wp-block-list\">\n<li><strong>Modalit\u00e0 di acquisizione:<\/strong>&nbsp;i dati sono da te volontariamente conferiti nella compilazione dei nostri Form di richiesta o di registrazione. La mancanza del loro conferimento comporta l\u2019impossibilit\u00e0 da parte nostra di fornirti il servizio richiesto.<\/li>\n\n\n\n<li><strong>Base di liceit\u00e0:<\/strong>&nbsp;Il trattamento \u00e8 necessario all&#8217;esecuzione di misure precontrattuali adottate su tua richiesta &#8211; art. &#8211; 6.1 lett. b) del R.E. 2016\/679 .<\/li>\n\n\n\n<li><strong>Per quanto tempo conserviamo i tuoi dati:<\/strong>&nbsp;Conserviamo i tuoi dati personali sul sito solo per il tempo necessario a far fronte la tua richiesta.<\/li>\n<\/ul>\n<\/li>\n\n\n\n<li>Registrazione e-commerce.Descrizione del trattamento:&nbsp;i&nbsp;dati personali che fornisci in fase di registrazione sul nostro e-commerce&nbsp;nonch\u00e9&nbsp;i dati riguardanti l\u2019acquisto dei nostri prodotti tramite esso.\n<ol class=\"wp-block-list\">\n<li>Dati per la registrazioneAl momento della registrazione sul nostro e-commerce, raccoglieremo i tuoi dati anagrafici e di contatto, quali nome, cognome, indirizzo e-mail.<\/li>\n\n\n\n<li>Dati necessari per la registrazione e per gli acquisti tramite e-commerceIn fase di acquisto sull\u2019e-Commerce, ti verranno richieste informazioni ulteriori, quali l\u2019indirizzo per la spedizione dei prodotti e per la fatturazione, codice fiscale, partita iva, nonch\u00e9 i dati relativi ai mezzi di pagamento utilizzati. Potremo inoltre raccogliere ulteriori dati personali quando avrai necessit\u00e0 di contattarci e di inviarci richieste in relazione all\u2019acquisto dei nostri prodotti o all\u2019utilizzo dell\u2019e-Commerce, tramite l\u2019apposito form di contatto o gli indirizzi presenti sul sito.<br>I tuoi dati saranno raccolti per l\u2019evasione degli ordini di acquisto e per le attivit\u00e0 connesse (spedizione e consegna dei prodotti, fatturazione, gestione dei pagamenti, ecc.), nonch\u00e9 per consentire il tuo accesso e la navigazione all\u2019interno dell\u2019area riservata in cui potrai accedere ad esclusive funzionalit\u00e0 e servizi.<br>I dati personali potranno essere trattati dal Titolare per&nbsp;l\u2019evasione delle tue richieste, apertura ticket per assistenza, controlli antifrode e per difendere i nostri diritti in sede giudiziale e stragiudiziale.\n<ul class=\"wp-block-list\">\n<li><strong>Modalit\u00e0 di acquisizione:<\/strong>&nbsp;i dati sono da te volontariamente conferiti nella compilazione dei nostri Form di registrazione e di acquisto. La mancanza del loro conferimento comporta l\u2019impossibilit\u00e0 da parte nostra di fornirti il servizio richiesto.<\/li>\n\n\n\n<li><strong>Base di liceit\u00e0:<\/strong>&nbsp;Il trattamento \u00e8 necessario all&#8217;esecuzione di un contratto o di misure precontrattuali adottate su tua richiesta ai sensi dell\u2019art. 6.1 lett. b) del R.E. 2016\/679 e il nostro legittimo interesse ai sensi dell\u2019art. 6.1 lett. f) del R.E. 2016\/679.<\/li>\n\n\n\n<li><strong>Per quanto tempo conserviamo i tuoi dati:<\/strong>&nbsp;Conserviamo i tuoi dati personali sul sito solo per il tempo necessario a far fronte la tua richiesta, per gli obblighi di legge relativi agli adempimenti fiscali (dieci anni) e oltre in caso di difesa in sede giudiziaria.<\/li>\n<\/ul>\n<\/li>\n<\/ol>\n<\/li>\n\n\n\n<li>Attivit\u00e0 di marketing diretto.I tuoi dati potranno essere utilizzati per finalit\u00e0 di marketing diretto, inviandoti comunicazioni promozionali e commerciali &#8211; con modalit\u00e0 di contatto automatizzate (come sms, e-mail, social networks, app di messaggistica istantanea) relative a servizi\/prodotti offerti dal Titolare.<br>La condizione di liceit\u00e0 del trattamento \u00e8 il tuo specifico consenso ai sensi dell\u2019art. 6.1 lett. a) del R.E. 2016\/679. Sei libero di non fornire tale consenso, e potrai revocarlo in qualunque momento.<\/li>\n\n\n\n<li>Invio di comunicazioni (Soft Spam).Se sei gi\u00e0 nostro cliente, inviarti all\u2019indirizzo e-mail che ci hai fornito al momento della vendita di un nostro prodotto,&nbsp;comunicazioni per la promozione di prodotti simili e\/o analoghi a quelli che hai gi\u00e0 acquistato&nbsp;(\u201csoft spam\u201d), salvo che tu ti opponga alla ricezione di tali comunicazioni in fase di acquisto o, successivamente, in ogni momento, utilizzando l\u2019apposito link che troverai in calce a ciascuna e-mail o scrivendo all\u2019indirizzo:&nbsp;<a href=\"mailto:privacy@delcambio.it\">privacy@delcambio.it<\/a><br>La base giuridica \u00e8 il legittimo interesse del Titolare a promuovere prodotti e servizi analoghi a quelli oggetto di un tuo acquisto. Puoi opporti a tale&nbsp;trattamento in qualsiasi momento, inviando una mail all\u2019indirizzo&nbsp;<a href=\"mailto:privacy@delcambio.it\">privacy@delcambio.it<\/a>&nbsp;oppure cliccando sull\u2019apposito link per l\u2019opposizione alla ricezione di tali comunicazioni contenuto all\u2019interno di ciascuna e-mail promozionale, e non riceverai pi\u00f9 tali comunicazioni.<\/li>\n<\/ol>\n\n\n\n<h3 class=\"wp-block-heading\">Trattamento dei dati personali raccolti mediante i nostri profili social<\/h3>\n\n\n\n<p>Quando segui i nostri canali social (es. Facebook, Instagram, YouTube, ecc.) o interagisci in qualunque modo con i nostri profili social (es. commentando, condividendo, seguendoci, o mediante like), utilizzeremo i tuoi dati per interagire e comunicare con te attraverso il nostro profilo social al fine di proporre prodotti e servizi e sviluppare il nostro \u201cBrand\u201d mediante il canale social con cui hai interagito. Ti informiamo che le informazioni che ci rilascerai volontariamente sui profili social e le eventuali tue manifestazioni di interesse, saranno utilizzate esclusivamente per le finalit\u00e0 di analisi e comunicazione dichiarate nella presente informativa. Anche ai fini di tutelare i nostri interessi o quelli di soggetti terzi, ci riserviamo il diritto di richiedere la cancellazione di commenti offensivi o in violazione di qualsivoglia legge applicabile e al ricorrerne dei presupposti, di utilizzare tali commenti o post al fine di tutelare o far valere i nostri diritti e\/o interessi in sede giudiziaria.<\/p>\n\n\n\n<ul class=\"wp-block-list\">\n<li><strong>Modalit\u00e0 di acquisizione:<\/strong>&nbsp;I dati sono da te volontariamente conferiti attraverso un nostro profilo social.<\/li>\n\n\n\n<li><strong>Base di liceit\u00e0:<\/strong>&nbsp;Trattiamo questi dati in virt\u00f9 del nostro Legittimo Interesse di promuovere il nostro brand attraverso i canali social e far fronte ad eventuali richieste di informazioni &#8211; art. 6.1 lett. f) del R.E. 2016\/679 .<\/li>\n\n\n\n<li><strong>Per quanto tempo conserviamo i tuoi dati:<\/strong>&nbsp;Conserviamo i tuoi dati personali fino alla cancellazione del tuo account o alla cancellazione del tuo commento o post in cui ci hai taggato.<\/li>\n<\/ul>\n\n\n\n<p>Ricordati che ai fini privacy il social network \u00e8 titolare autonomo del trattamento dei tuoi dati personali e che, come tale, non opera sotto la nostra responsabilit\u00e0. La raccolta e l&#8217;uso delle informazioni ottenute sono regolate dalle informative privacy del social network alle quali ti invitiamo a fare riferimento.<\/p>\n\n\n\n<h3 class=\"wp-block-heading\">Link a siti web esterni<\/h3>\n\n\n\n<p>Laddove forniamo link di altri siti Web lo facciamo solo ed esclusivamente a scopo informativo. Gli altri siti web sono al di fuori del nostro controllo e la presente Policy non trova applicazione. Se accedi ad altri siti web utilizzando i link che abbiamo fornito, gli operatori di questi siti potranno raccogliere i tuoi dati ed utilizzarli in conformit\u00e0 alla loro Privacy Policy, che pu\u00f2 differire dalla presente Policy.<\/p>\n\n\n\n<h3 class=\"wp-block-heading\">Sicurezza dei tuoi dati personali<\/h3>\n\n\n\n<p>Abbiamo adottato una serie di misure fisiche, tecniche e organizzative per garantire adeguati livelli di sicurezza ai dati personali trattati sotto il nostro controllo, in modo da prevenire tutti i rischi ragionevolmente prevedibili, con particolare ma non limitato riferimento alla loro distruzione, perdita, modifica o divulgazione non autorizzata o all\u2019accesso accidentale o illegale. I dati forniti sono memorizzati ed archiviati su server sicuri nello Spazio Economico Europeo Se disponi di una password che consente di accedere ai nostri servizi Web, \u00e8 tua responsabilit\u00e0 mantenerla sicura e riservata.<\/p>\n\n\n\n<h3 class=\"wp-block-heading\">Modalit\u00e0 del trattamento e tempo di conservazione dei dati<\/h3>\n\n\n\n<p>I tuoi dati saranno trattati con il supporto di mezzi informatici e telematici e sono protetti attraverso adeguate misure di sicurezza tecniche e organizzative idonee a garantirne la riservatezza, la integrit\u00e0 e la disponibilit\u00e0.<br>Conserviamo i dati personali&nbsp;solo per il tempo necessario al conseguimento delle finalit\u00e0 per le quali sono stati raccolti o per qualsiasi altra legittima finalit\u00e0 collegata. Pertanto, se i dati personali sono trattati per due differenti finalit\u00e0, conserveremo tali dati fino a che non cesser\u00e0 la finalit\u00e0 con il termine pi\u00f9 lungo. Ad ogni modo, non tratteremo pi\u00f9 i dati personali per quella finalit\u00e0 il cui periodo di conservazione sia venuto meno. I dati personali che non siano pi\u00f9 necessari, o per i quali non vi sia pi\u00f9 un presupposto giuridico per la relativa conservazione, verranno anonimizzati o cancellati.<br>I dati personali trattati per gestire e rispondere alle tue richieste di informazione o altre comunicazioni vengono conservati per il tempo necessario a gestire e riscontrare alla tua richiesta e successivamente cancellati.<br>I dati personali saranno trattati per finalit\u00e0 di marketing fino alla revoca del consenso, decorrenti dalla data della raccolta del tuo consenso.<\/p>\n\n\n\n<h3 class=\"wp-block-heading\">Categorie di destinatari dei dati<\/h3>\n\n\n\n<p>I tuoi dati personali verranno trattati da persone autorizzate ed istruite al trattamento sotto la diretta autorit\u00e0 del Titolare, che opereranno secondo i principi di correttezza, liceit\u00e0 e trasparenza e tutelando la riservatezza dei tuoi dati tramite misure di sicurezza tecniche e organizzative idonee a garantire un livello di protezione adeguato al rischio. In alcuni casi i tuoi dati personali saranno comunicati ad altri soggetti che operano per nostro conto in qualit\u00e0 di responsabili del trattamento a cui sono state conferite apposite istruzioni sul trattamento dei tuoi dati e la cui lista \u00e8 possibile richiedere al Titolare scrivendo all\u2019indirizzo&nbsp;<a href=\"mailto:privacy@delcambio.it\">privacy@delcambio.it<\/a>, tra cui societ\u00e0 che ci forniscono servizi di assistenza informatica, servizi di elaborazione dati, ecc.<\/p>\n\n\n\n<p>In particolare, i tuoi dati potranno essere comunicati esclusivamente per le finalit\u00e0 sopra specificate ai seguenti destinatari:<\/p>\n\n\n\n<ul class=\"wp-block-list\">\n<li>&nbsp;societ\u00e0 che erogano servizi informatici e di elaborazione dati (es. gestione e manutenzione infrastrutture e servizi informatici, ecc.)<\/li>\n\n\n\n<li>societ\u00e0 e studi che erogano servizi di consulenza;<\/li>\n\n\n\n<li>collaboratori, consulenti e terzi fornitori di servizi;<\/li>\n\n\n\n<li>autorit\u00e0 e istituzioni ai quali la facolt\u00e0 di accedere agli stessi sia accordata da disposizioni di legge o di regolamenti (es. autorit\u00e0 di pubblica sicurezza e forze di polizia).<\/li>\n<\/ul>\n\n\n\n<h3 class=\"wp-block-heading\">Pagamenti.<\/h3>\n\n\n\n<p>Il nostro negozio online \u00e8 ospitato sulla piattaforma Shopify, che ci fornisce l\u2019infrastruttura di e-commerce necessaria a vendere prodotti. I dati personali inseriti durante la navigazione e il processo d\u2019acquisto sono trattati tramite i sistemi di Shopify, conservati su server protetti da misure di sicurezza adeguate. Se per completare l\u2019ordine utilizzi un gateway di pagamento diretto (es. Shopify Payments), i dati della carta sono trattati direttamente dal relativo prestatore di servizi di pagamento e, ove applicabile, da Shopify, in conformit\u00e0 allo standard PCI-DSS. Tali dati sono cifrati e conservati solo per il tempo strettamente necessario a finalizzare la transazione; una volta conclusa, le informazioni di pagamento vengono eliminate o rese illeggibili.<br>Tutti i gateway di pagamento diretti aderiscono agli standard PCI-DSS stabiliti dal PCI Security Standards Council (Visa, MasterCard, American Express, Discover), che garantiscono la gestione sicura delle informazioni delle carte.<br>Noi non conserviamo i dati completi della tua carta di pagamento.<br>Per maggiori informazioni sul trattamento effettuato da Shopify, \u00e8 possibile consultare i Termini di servizio e l\u2019Informativa sulla privacy di Shopify&nbsp;<a href=\"https:\/\/www.shopify.com\/it\/legal\/privacy\" rel=\"noreferrer noopener\" target=\"_blank\">https:\/\/www.shopify.com\/it\/legal\/privacy<\/a><\/p>\n\n\n\n<h3 class=\"wp-block-heading\">Trasferimento all\u2019estero dei dati.<\/h3>\n\n\n\n<p>Il Titolare conserva e tratta i dati personali indicati all\u2019interno dell\u2019Unione Europea. Il Titolare non trasferisce dati personali al di fuori dell\u2019Unione Europea, dello Spazio economico europeo; in ogni caso, ove il Titolare in ragione ad eventuali esigenze connesse alla sede di fornitori di servizi, necessiti di trasferire dati al di fuori dell\u2019Unione Europea o dello Spazio economico europeo in paesi per cui la Commissione Europea non abbia emesso una Decisione di Adeguatezza, lo stesso si impegna a garantire livelli di tutela e salvaguardia anche di carattere contrattuale adeguati secondo le norme applicabili, ivi inclusa la stipulazione di clausole contrattuali tipo di cui all\u2019art. 46, par. 2, lett. c) del R.E. 2016\/679 , integrate eventualmente da misure supplementari di tipo tecnico, legale e organizzativo necessarie a garantire che il livello di protezione dei dati personali sia equivalente a quello dell\u2019Unione Europea.<\/p>\n\n\n\n<h3 class=\"wp-block-heading\">Cookie e altre tecnologie.<\/h3>\n\n\n\n<p>Quando navighi sulle pagine del nostro sito, raccogliamo automaticamente dati attraverso l&#8217;uso di &#8220;cookies&#8221;. Un cookie \u00e8 un file di testo contenente piccole quantit\u00e0 di dati che un sito web pu\u00f2 inviare al browser, che possono poi essere memorizzati sul tuo computer come un tag che distingue il tuo computer ma non ti identifica. Alcune delle nostre pagine del sito Web utilizzano i cookie per offrirti un miglior servizio durante i successivi utilizzi del sito Web. Puoi impostare il tuo browser in modo da ricevere una notifica prima di ricevere un cookie, in maniera tale da avere la possibilit\u00e0 di decidere se accettarlo o meno.<br>Utilizziamo un plugin per gestire il tuo consenso all\u2019utilizzo dei cookie del nostro sito web. Tuttavia, \u00e8 anche possibile impostare il browser per disattivare i cookie, occorre tenere presente che se si eseguisse questa operazione, alcune pagine del nostro sito Web potrebbero non funzionare correttamente.<br>Le istruzioni per la disabilitazione dei cookies si trovano alle seguenti pagine web: Mozilla Firefox &#8211; Microsoft Edge &#8211; Google Chrome &#8211; Opera &#8211; Apple Safari.<br>Per informazioni sui cookie specifici utilizzati su questo sito Web, ti invitiamo a consultare la Cookie Policy del sito web mediante l\u2019apposito link che trovi nel footer del sito.<\/p>\n\n\n\n<h3 class=\"wp-block-heading\">Diritti dell\u2019interessato.<\/h3>\n\n\n\n<p>In relazione al trattamento dei tuoi dati personali avrai sempre la possibilit\u00e0 di esercitare i diritti previsti dal R.E. 2016\/679 (artt. 15-21), ossia:<\/p>\n\n\n\n<ul class=\"wp-block-list\">\n<li>ricevere conferma dell\u2019esistenza dei dati personali e accedere al loro contenuto (diritto di accesso);<\/li>\n\n\n\n<li>aggiornare, modificare e\/o correggere i dati personali (diritto di rettifica);<\/li>\n\n\n\n<li>chiedere la cancellazione o la limitazione del trattamento dei dati trattati in violazione di legge compresi quelli di cui non \u00e8 necessaria la conservazione in relazione agli scopi per i quali i dati sono stati raccolti o altrimenti trattati (diritto all\u2019oblio e diritto alla limitazione);<\/li>\n\n\n\n<li>&#8211; opporti al trattamento in qualsiasi momento laddove il trattamento sia basato su un nostro legittimo interesse (diritto di opposizione).<\/li>\n<\/ul>\n\n\n\n<p>In relazione ai trattamenti fondati sul tuo consenso, ove prestato (a titolo esemplificativo: per finalit\u00e0 di marketing), potrai revocare tale consenso in qualsiasi momento senza pregiudizio per la liceit\u00e0 del trattamento basato sul consenso prestato prima della revoca.<br>Per esercitare i tuoi diritti puoi inviarci una comunicazione al seguente indirizzo e-mail:&nbsp;<a href=\"mailto:privacy@delcambio.it\">privacy@delcambio.it<\/a>.<\/p>\n\n\n\n<h3 class=\"wp-block-heading\">Ulteriori diritti<\/h3>\n\n\n\n<p>Fatta salva la possibilit\u00e0 di rivolgersi alla nostra Azienda per l\u2019esercizio dei diritti connessi ai trattamenti da noi eseguiti, tu puoi proporre reclamo dinnanzi all\u2019autorit\u00e0 amministrativa indipendente competente nello Stato Membro dell\u2019Unione Europea dove risiedi abitualmente, dove lavori, ovvero dove si \u00e8 verificata un\u2019asserita violazione della legge sulla protezione dei tuoi dati personali. Nel territorio italiano puoi presentare un reclamo alla seguente autorit\u00e0 di controllo:&nbsp;<a href=\"https:\/\/www.garanteprivacy.it\/\" rel=\"noreferrer noopener\" target=\"_blank\">https:\/\/www.garanteprivacy.it<\/a><\/p>\n\n\n\n<h3 class=\"wp-block-heading\">Modulistica per l\u2019esercizio dei tuoi diritti<\/h3>\n\n\n\n<p>Per esercitare i tuoi diritti verso il titolare, puoi utilizzare il seguente modulo:<br><a href=\"https:\/\/www.garanteprivacy.it\/web\/guest\/home\/docweb\/-\/docweb-display\/docweb\/1089924\" rel=\"noreferrer noopener\" target=\"_blank\">https:\/\/www.garanteprivacy.it\/web\/guest\/home\/docweb\/-\/docweb-display\/docweb\/1089924<\/a><\/p>\n\n\n\n<h3 class=\"wp-block-heading\">Modifiche alla Policy<\/h3>\n\n\n\n<p>La presente Policy \u00e8 stata aggiornata in data 01\/10\/2025.<\/p>\n","protected":false},"excerpt":{"rendered":"<p>Privacy Policy del sito Web&nbsp;https:\/\/delcambio.it (di seguito semplicemente \u201cSito\u201d) La presente informativa contiene informazioni sulla tutela dei tuoi dati personali da noi trattati con riferimento alla registrazione, l\u2019utilizzo e la gestione di un profilo sul nostro e-commerce attraverso l\u2019area riservata e all\u2019acquisto dei nostri prodotti, ai sensi dell\u2019art. 13 del Regolamento (UE) 2016\/679 (di seguito &hellip; <a href=\"https:\/\/del-cambio.soononline.dev\/en\/privacy-policy\/\">Continued<\/a><\/p>\n","protected":false},"author":1,"featured_media":0,"parent":0,"menu_order":0,"comment_status":"closed","ping_status":"closed","template":"","meta":{"_acf_changed":false,"inline_featured_image":false,"footnotes":""},"class_list":["post-3","page","type-page","status-publish","hentry"],"acf":[],"_links":{"self":[{"href":"https:\/\/del-cambio.soononline.dev\/en\/wp-json\/wp\/v2\/pages\/3","targetHints":{"allow":["GET"]}}],"collection":[{"href":"https:\/\/del-cambio.soononline.dev\/en\/wp-json\/wp\/v2\/pages"}],"about":[{"href":"https:\/\/del-cambio.soononline.dev\/en\/wp-json\/wp\/v2\/types\/page"}],"author":[{"embeddable":true,"href":"https:\/\/del-cambio.soononline.dev\/en\/wp-json\/wp\/v2\/users\/1"}],"replies":[{"embeddable":true,"href":"https:\/\/del-cambio.soononline.dev\/en\/wp-json\/wp\/v2\/comments?post=3"}],"version-history":[{"count":8,"href":"https:\/\/del-cambio.soononline.dev\/en\/wp-json\/wp\/v2\/pages\/3\/revisions"}],"predecessor-version":[{"id":1650,"href":"https:\/\/del-cambio.soononline.dev\/en\/wp-json\/wp\/v2\/pages\/3\/revisions\/1650"}],"wp:attachment":[{"href":"https:\/\/del-cambio.soononline.dev\/en\/wp-json\/wp\/v2\/media?parent=3"}],"curies":[{"name":"wp","href":"https:\/\/api.w.org\/{rel}","templated":true}]}}